{"id":1067,"date":"2015-12-25T11:29:37","date_gmt":"2015-12-25T10:29:37","guid":{"rendered":"http:\/\/daily-protein.de\/?page_id=1067"},"modified":"2017-02-27T23:25:54","modified_gmt":"2017-02-27T22:25:54","slug":"diaet-faq","status":"publish","type":"page","link":"https:\/\/daily-protein.de\/index.php\/diaet-faq\/","title":{"rendered":"Di\u00e4t-\/Ern\u00e4hrungsumstellung-FAQ"},"content":{"rendered":"<div  class=\"fusion-fullwidth fullwidth-box hundred-percent-fullwidth\"  style='background-color: rgba(255,255,255,0);background-position: center center;background-repeat: no-repeat;padding-top:0px;padding-right:0px;padding-bottom:0px;padding-left:0px;'><div class=\"fusion-builder-row fusion-row \"><div  class=\"fusion-layout-column fusion_builder_column fusion_builder_column_1_1  fusion-one-full fusion-column-first fusion-column-last 1_1\"  style='margin-top:0px;margin-bottom:20px;'>\n\t\t\t<div class=\"fusion-column-wrapper\" style=\"background-position:left top;background-repeat:no-repeat;-webkit-background-size:cover;-moz-background-size:cover;-o-background-size:cover;background-size:cover;\"  data-bg-url=\"\">\n\t\t\t\t<div class=\"fusion-title title fusion-sep-none fusion-title-size-one\" style=\"margin-top:0px;margin-bottom:31px;\"><h1 class=\"title-heading-left\">Di\u00e4t (alias tempor\u00e4re Ern\u00e4hrungsumstellung) &#8211; FAQ<\/h1><\/div><p>In diesem kleinen Di\u00e4t-Ratgeber m\u00f6chte ich einige Fragen beantworten, die sich viele \u201eDi\u00e4tanf\u00e4nger\u201c stellen k\u00f6nnten.<\/p>\n<h3><strong>Wie lange sollte denn eine Di\u00e4t dauern?<\/strong><\/h3>\n<p>Unter \u201eDi\u00e4t\u201c verstehen wir ja immer eine tempor\u00e4re Ern\u00e4hrungsumstellung, um Gewicht zu verlieren. Diesen Zeitraum solltest du nicht zu knapp w\u00e4hlen. Von den sogenannten Crash Di\u00e4ten, in denen man in k\u00fcrzester Zeit viel Gewicht verliert, rate ich ab. Ein guter Zeitraum w\u00e4re ca. 12 \u2013 20 Wochen, je nach Ausgangsform. Wenn du dich also k\u00f6rperlich auf die Sommersaison vorbereiten m\u00f6chtest, solltest du bereits zwischen Januar und M\u00e4rz damit beginnen. Idealerweise verfolgst du aber nicht nur eine zeitlich begrenzte Ern\u00e4hrungsumstellung, sondern eine dauerhafte.<em><br \/>\n<\/em><\/p>\n<h3><strong>Wieviele Kalorien darf ich zu mir nehmen, um Gewicht zu verlieren?<\/strong><\/h3>\n<p>Das h\u00e4ngt von einigen Faktoren wie deinem K\u00f6rpergewicht, k\u00f6rperlicher Aktivit\u00e4t, Stoffwechsel etc. ab.<\/p>\n<p>Das kann mal also pauschal nicht beantworten.<\/p>\n<p>Unabh\u00e4ngig davon, f\u00fcr welche Di\u00e4tform du dich entscheidest &#8211; Wichtig ist, dass du eine negative Kalorienbilanz erreichst, d.h. du musst weniger Kalorien zu dir nehmen, als du verbrauchst!<\/p>\n<h3><strong>Wie finde ich raus, welche Kalorienmenge f\u00fcr mich die Richtige ist? <\/strong><\/h3>\n<p>Ein <a href=\"https:\/\/daily-protein.de\/index.php\/kalorienrechner\/\" target=\"_blank\">Kalorienrechner<\/a> kann sehr hilfreich sein, einen Ausgangswert zu erhalten, mit dem du deine Di\u00e4t beginnen kannst. Nach zwei \u201eTestwochen\u201c musst du dann entsprechend nach oben oder unten justieren. D.h. wenn du schon was abgenommen hast (Gesunder Wert: ca. 0,5 \u2013 1kg pro Woche), dann behalte die Kalorienzahl erstmal so bei. Passe sie dann nach und nach an dein \u201eneues\u201c Gewicht an. Sollte dein Gewicht gleich geblieben sein oder du hast sogar etwas zugenommen, dann reduziere die Kalorienmenge etwas.<\/p>\n<h3><strong>Auf welche Nahrungsmittel soll ich in einer Di\u00e4t bzw. bei einer Erh\u00e4hrungsumstellung verzichten?<\/strong><\/h3>\n<p>Das h\u00e4ngt auch von der Di\u00e4tform ab, nach der du dich ern\u00e4hren m\u00f6chtest. Bei einer Low-Carb Di\u00e4t sollten nat\u00fcrlich kohlenhydratreiche Lebensmittel wie Obst und einige Gem\u00fcsesorten mit Vorsicht gegessen werden. Generell kann man aber sagen, dass du bei einer gesunden Ern\u00e4hrung auf Dinge wie Fast Food, zuckerhaltige Speisen und Getr\u00e4nke und auch Wei\u00dfmehl weitestgehend verzichten solltest. Ab und an darf und solltest du dir aber mal was &#8222;verbotenes&#8220; erlauben.<em><br \/>\n<\/em><\/p>\n<h3><strong>Was sollte ich denn essen?<\/strong><\/h3>\n<p>Nur um mal einige Lebensmittel zu nennen:<\/p>\n<p><span style=\"text-decoration: underline;\">Gute Proteinquellen:<\/span><\/p>\n<ul>\n<li>Mageres Fleisch oder Fisch<\/li>\n<li>Fettarme Milchprodukte (Magerquark oder H\u00fcttenk\u00e4se)<\/li>\n<li>Eier (Eiklar)<\/li>\n<li>Proteinpulver<\/li>\n<li>Pflanzliche Proteine (z.B. aus Erbsen oder Linsen)<\/li>\n<\/ul>\n<p><span style=\"text-decoration: underline;\">Gute Kohlenhydratquellen:<\/span><\/p>\n<ul>\n<li>Haferflocken<\/li>\n<li>Kartoffeln oder S\u00fc\u00dfkartoffeln<\/li>\n<li>Vollkornnudeln<\/li>\n<li>Reis<\/li>\n<\/ul>\n<p><span style=\"text-decoration: underline;\">Gute Fettquellen:<\/span><\/p>\n<ul>\n<li>Oliven\u00f6l<\/li>\n<li>Raps\u00f6l<\/li>\n<li>Kokos\u00f6l<\/li>\n<li>Waln\u00fcsse<\/li>\n<li>Mandeln<\/li>\n<\/ul>\n<h3><strong>Wieviele Mahlzeiten soll ich denn am Tag essen?<\/strong><\/h3>\n<p>Ich pers\u00f6nlich bevorzuge eher 5-6 kleinere Mahlzeiten im Abstand von ca. 3 Stunden. Die klassische Variante mit 3 Mahlzeiten ist nat\u00fcrlich auch in Ordnung. Es h\u00e4ngt nat\u00fcrlich auch immer vom eigenen Tagesablauf ab und wie man seine Mahlzeiten am Tag zeitlich unterbringen kann.<\/p>\n<h3><strong>Was darf ich denn trinken und wieviel sollte es sein?<\/strong><\/h3>\n<p>Ganz egal ob dauerhafte Ern\u00e4hrungsumstellung oder tempor\u00e4r, ideal ist nat\u00fcrlich Mineralwasser. Mindestens 2 Liter am Tag sollten es schon sein.<\/p>\n<p>Ob stilles Wasser oder mit Kohlens\u00e4ure bleibt dir \u00fcberlassen.<\/p>\n<p>Wenn du au\u00dfer Wasser mal was mit Geschmack trinken m\u00f6chtest, eignen sich <a href=\"https:\/\/www.amazon.de\/gp\/product\/B005MWNQIE\/ref=as_li_tl?ie=UTF8&amp;camp=1638&amp;creative=19454&amp;creativeASIN=B005MWNQIE&amp;linkCode=as2&amp;tag=dailprot-21\" target=\"_blank\"><span style=\"color: #0000ff;\">Low-Carb Konzentrate* <\/span><\/a>sehr gut. Ich empfehle die von ProSport oder Best Body Nutrition. Die schmecken meiner Meinung nach am \u201enat\u00fcrlichsten\u201c. Ein Low Carb Sirup einfach mit kaltem Mineralwasser mischen und fertig.<\/p>\n<h3><strong>Sollte ich mir einen Ern\u00e4hrungsplan erstellen?<\/strong><\/h3>\n<p>Nachdem du deinen Kalorienbedarf ermittelt hast, macht ein Ern\u00e4hrungsplan besonders f\u00fcr Unerfahrene Sinn, um mal einen \u00dcberblick zu bekommen, wieviele Kalorien und N\u00e4hrwerte in den Lebensmitteln eigentlich enthalten sind.<\/p>\n<h3><strong>Wie erstelle ich mir denn einen Plan?<\/strong><\/h3>\n<p>Zur Erstellung eines Ern\u00e4hrungsplans gibt es Internet zahlreiche gute Progamme und Apps (z.B. <a href=\"https:\/\/www.kaloma.de\/\">KaloMa<\/a>)<\/p>\n<p>Wenn du dir mal Testweise einen Wochenplan erstellt hast, kannst du auch die entsprechenden Lebensmittel einkaufen. Eine Di\u00e4t braucht immer etwas Vorlaufzeit und eine gute Planung. Was n\u00fctzt dir der beste Ern\u00e4hrungsplan, wenn im K\u00fchlschrank Ebbe herrscht.<\/p>\n<h3><strong>Wie sollte mein N\u00e4hrstoffverh\u00e4ltnis aussehen?<\/strong><\/h3>\n<p>Das h\u00e4ngt nat\u00fcrlich auch wieder von der gew\u00e4hlten Ern\u00e4hrungsform ab.<\/p>\n<p>Laut DGE (Deutsche Gesellschaft f\u00fcr Ern\u00e4hrung e. V.) sollte die Verteilung wie folgt aussehen:<\/p>\n<p>Eiwei\u00df: ca. 15% (1g Eiwei\u00df liefert ca. 4 kcal)<\/p>\n<p>Kohlenhydrate: 55% (1g Kohlenhydrate liefert ca. 4 kcal)<\/p>\n<p>Fett: 30% (1g Fett liefert ca. 9 kcal)<\/p>\n<p>Diese Aufteilung entspricht bei einer t\u00e4glichen Kalorienzufuhr von 2000 kcal am Tag ca. 70 g Fett, 75 g Eiwei\u00df und 275 g Kohlenhydrate<\/p>\n<p>Das sind nat\u00fcrlich auch nur sehr allgemeing\u00fcltige Aussagen. Je nach Zielsetzung muss das Verh\u00e4ltnis entsprechend angepasst werden.<\/p>\n<h3><strong>Was ist denn die beste Di\u00e4tform?<\/strong><\/h3>\n<p>kurze Antwort: Die gibt es nicht!<\/p>\n<p>Die einen schw\u00f6ren auf Low Carb, die anderen auf Low Fat usw. Ich pers\u00f6nlich mag eine Mischung aus allem und nutze daher das Prinzip der <span style=\"color: #0000ff;\"><a style=\"color: #0000ff;\" href=\"https:\/\/www.amazon.de\/gp\/product\/3950230106\/ref=as_li_tl?ie=UTF8&amp;camp=1638&amp;creative=19454&amp;creativeASIN=3950230106&amp;linkCode=as2&amp;tag=dailprot-21\" target=\"_blank\">Metabolen Di\u00e4t*<\/a><\/span> nur in etwas abgeschw\u00e4chter Form.<\/p>\n<p>Also gilt hier nur \u201eVersuch macht kluch\u201c. Teste aus, was dir am besten liegt. Eine Di\u00e4t bzw. Ern\u00e4hrungsumstellung sollte ja auch Spa\u00df machen und nicht von Tag 1 an eine Qual sein.<\/p>\n<h3><strong>Darf ich mir w\u00e4hrend der Di\u00e4t denn gar nichts g\u00f6nnen?<\/strong><\/h3>\n<p>Doch, das solltest du sogar. Ein sogenannter \u201eCheatday\u201c kurbelt nicht nur die Motivation, sondern auch den Stoffwechsel an. Das sollte aber auch kein Freifahrtschein f\u00fcr eine hemmungslose Fressorgie sein. \u00dcberlege dir im Laufe der Woche, auf was du so richtig Hunger hast, und g\u00f6nne dir dann am Wochenende deine Schlemmermahlzeit. Das kann ein gutes Fr\u00fchst\u00fcck oder auch eine Pizza am Abend sein. Allerdings w\u00fcrde ich mit dem ersten Schlemmertag warten, bis du im richtigen \u201eDi\u00e4tmodus\u201c bist. Also so nach 2-3 Wochen.<\/p>\n<h3><strong>Muss ich denn zwangsl\u00e4ufig Sport treiben, um erfolgreich zu sein?<\/strong><\/h3>\n<p>Zwangsl\u00e4ufig nat\u00fcrlich nicht, aber etwas Bewegung kann ja nicht schaden. Au\u00dferdem verbrennst du durch den Sport ja nochmal zus\u00e4tzlich Kalorien. Wenn du nicht nur schlanker werden willst, sondern f\u00fcr den Strand auch noch ein bisschen athletischer aussehen m\u00f6chtest, kommst du um den einen oder anderen Besuch im Fitnessstudio sowieso nicht herum.<\/p>\n<h3><strong>Wie oft sollte ich denn w\u00e4hrend der Di\u00e4t mein Gewicht kontrollieren?<\/strong><\/h3>\n<p>Stelle dich bitte nicht jeden Tag auf die Waage. Das frustriert nur. Was soll an einem Tag schon gro\u00dfartig passieren?<\/p>\n<p>Ich w\u00fcrde mir einen Tag in der Woche aussuchen und mich dann morgens vor dem Fr\u00fchst\u00fcck auf die Waage stellen. So hast du immer die gleichen Voraussetzungen. Auch w\u00fcrde ich dein Spiegelbild als Indikator nutzen. Manchmal ist das Ergebnis auf der Waage eher entt\u00e4uschend, aber du hast trotzdem das Gef\u00fchl, im Spiegel besser auszusehen. Das motiviert dann zus\u00e4tzlich etwas.<\/p>\n<h3><strong>Mein Gewicht geht nicht weiter runter. Mache ich was falsch?<\/strong><\/h3>\n<p>Nicht unbedingt. L\u00e4sst sich aber pauschal auch nicht beantworten.<\/p>\n<p>Wenn du die Woche \u00fcber diszipliniert warst und trotzdem nur 100g Gewicht verloren hast, besteht kein Grund zur Panik. Kleine R\u00fcckschl\u00e4ge geh\u00f6ren dazu. Du wirst nicht von Anfang bis Ende konstant abnehmen. Bleib einfach am Ball und reduziere evtl. minimal deine Kalorienzahl. Hilfreich kann auch sein, die Kohlenhydrate etwas runterzuschrauben und daf\u00fcr die Proteinmenge zu erh\u00f6hen etc.<\/p>\n<p>Wenn bisher alles gut lief, sind es meist kleine Ver\u00e4nderungen, die dich wieder voran bringen.<\/p>\n<h3><strong>Was mache ich, wenn eine Party oder eine Firmenfeier ansteht?<\/strong><\/h3>\n<p>Wenn du nicht gerade Profi-Bodybuilder bist, brauchst du kein Essen in Tupperdosen mitzunehmen. Gehe zu der Party oder zu deiner Firmenfeier und iss einfach, was dort angeboten wird. Du musst dich ja auch nicht bis zum Platzen vollfressen.<\/p>\n<p>Wichtig ist nur, dass du am n\u00e4chsten Tag, die Di\u00e4t wie gewohnt fortsetzt. Wenn du ein total schlechtes Gewissen hast, k\u00f6nntest du ja z.B. den Cheatday in dieser Woche dann ausfallen lassen.<\/p>\n<h3><strong>Wie bek\u00e4mpfe ich Hei\u00dfhunger auf S\u00fc\u00dfigkeiten?<\/strong><\/h3>\n<p>Da hat wohl jeder seine eigene Methode. Mir hilft zuckerfreier Kaugummi oder zuckerfreie Bonbons ganz gut. Ein Low Carb <a href=\"https:\/\/daily-protein.de\/index.php\/testberichte\/eiweissriegel\/\" target=\"_blank\">Eiwei\u00dfriegel<\/a> oder <a href=\"https:\/\/daily-protein.de\/index.php\/testberichte\/eiweisspulver\/\" target=\"_blank\">Eiwei\u00dfshake<\/a> k\u00f6nnen im Notfall aber auch Abhilfe schaffen.<\/p>\n<p>So, ich hoffe, dass ich dir ein wenig helfen und den Einstieg in eine erfolgreiche Di\u00e4t erleichtern konnte.<\/p>\n<p>Viel Spa\u00df und Erfolg!<\/p>\n<p><em>*Affiliate Link<\/em><\/p>\n<div class=\"fusion-clearfix\"><\/div>\n\n\t\t\t<\/div>\n\t\t<\/div><\/div><\/div>\n","protected":false},"excerpt":{"rendered":"","protected":false},"author":1,"featured_media":1109,"parent":0,"menu_order":0,"comment_status":"closed","ping_status":"closed","template":"","meta":[],"wppr_data":{"cwp_meta_box_check":"No","cwp_rev_product_name":"","cwp_rev_product_image":"","cwp_image_link":"image","cwp_rev_price":""},"yoast_head":"<!-- This site is optimized with the Yoast SEO plugin v17.0 - https:\/\/yoast.com\/wordpress\/plugins\/seo\/ -->\n<title>Di\u00e4t-\/Ern\u00e4hrungsumstellung-FAQ - Daily Protein<\/title>\n<meta name=\"description\" content=\"Dieser Ratgeber soll dir helfen, einen leichten Einstieg in deine Di\u00e4t bzw. Ern\u00e4hrungsumstellung zu finden.\" \/>\n<meta name=\"robots\" content=\"index, follow, max-snippet:-1, max-image-preview:large, max-video-preview:-1\" \/>\n<link rel=\"canonical\" href=\"https:\/\/daily-protein.de\/index.php\/diaet-faq\/\" \/>\n<meta property=\"og:locale\" content=\"de_DE\" \/>\n<meta property=\"og:type\" content=\"article\" \/>\n<meta property=\"og:title\" content=\"Di\u00e4t-\/Ern\u00e4hrungsumstellung-FAQ - Daily Protein\" \/>\n<meta property=\"og:description\" content=\"Dieser Ratgeber soll dir helfen, einen leichten Einstieg in deine Di\u00e4t bzw. Ern\u00e4hrungsumstellung zu finden.\" \/>\n<meta property=\"og:url\" content=\"https:\/\/daily-protein.de\/index.php\/diaet-faq\/\" \/>\n<meta property=\"og:site_name\" content=\"Daily Protein\" \/>\n<meta property=\"article:publisher\" content=\"https:\/\/www.facebook.com\/dailyprotein\" \/>\n<meta property=\"article:modified_time\" content=\"2017-02-27T22:25:54+00:00\" \/>\n<meta property=\"og:image\" content=\"https:\/\/daily-protein.de\/wp-content\/uploads\/2015\/12\/ern\u00e4hrungsumstellung.jpg\" \/>\n\t<meta property=\"og:image:width\" content=\"2137\" \/>\n\t<meta property=\"og:image:height\" content=\"1200\" \/>\n<meta name=\"twitter:card\" content=\"summary\" \/>\n<meta name=\"twitter:label1\" content=\"Gesch\u00e4tzte Lesezeit\" \/>\n\t<meta name=\"twitter:data1\" content=\"7\u00a0Minuten\" \/>\n<script type=\"application\/ld+json\" class=\"yoast-schema-graph\">{\"@context\":\"https:\/\/schema.org\",\"@graph\":[{\"@type\":\"WebSite\",\"@id\":\"https:\/\/daily-protein.de\/#website\",\"url\":\"https:\/\/daily-protein.de\/\",\"name\":\"Daily Protein\",\"description\":\"Supplements im Test\",\"potentialAction\":[{\"@type\":\"SearchAction\",\"target\":{\"@type\":\"EntryPoint\",\"urlTemplate\":\"https:\/\/daily-protein.de\/?s={search_term_string}\"},\"query-input\":\"required name=search_term_string\"}],\"inLanguage\":\"de\"},{\"@type\":\"ImageObject\",\"@id\":\"https:\/\/daily-protein.de\/index.php\/diaet-faq\/#primaryimage\",\"inLanguage\":\"de\",\"url\":\"https:\/\/daily-protein.de\/wp-content\/uploads\/2015\/12\/ern\\u00e4hrungsumstellung.jpg\",\"contentUrl\":\"https:\/\/daily-protein.de\/wp-content\/uploads\/2015\/12\/ern\\u00e4hrungsumstellung.jpg\",\"width\":2137,\"height\":1200},{\"@type\":\"WebPage\",\"@id\":\"https:\/\/daily-protein.de\/index.php\/diaet-faq\/#webpage\",\"url\":\"https:\/\/daily-protein.de\/index.php\/diaet-faq\/\",\"name\":\"Di\\u00e4t-\/Ern\\u00e4hrungsumstellung-FAQ - Daily Protein\",\"isPartOf\":{\"@id\":\"https:\/\/daily-protein.de\/#website\"},\"primaryImageOfPage\":{\"@id\":\"https:\/\/daily-protein.de\/index.php\/diaet-faq\/#primaryimage\"},\"datePublished\":\"2015-12-25T10:29:37+00:00\",\"dateModified\":\"2017-02-27T22:25:54+00:00\",\"description\":\"Dieser Ratgeber soll dir helfen, einen leichten Einstieg in deine Di\\u00e4t bzw. Ern\\u00e4hrungsumstellung zu finden.\",\"breadcrumb\":{\"@id\":\"https:\/\/daily-protein.de\/index.php\/diaet-faq\/#breadcrumb\"},\"inLanguage\":\"de\",\"potentialAction\":[{\"@type\":\"ReadAction\",\"target\":[\"https:\/\/daily-protein.de\/index.php\/diaet-faq\/\"]}]},{\"@type\":\"BreadcrumbList\",\"@id\":\"https:\/\/daily-protein.de\/index.php\/diaet-faq\/#breadcrumb\",\"itemListElement\":[{\"@type\":\"ListItem\",\"position\":1,\"name\":\"Home\",\"item\":\"https:\/\/daily-protein.de\/\"},{\"@type\":\"ListItem\",\"position\":2,\"name\":\"Di\\u00e4t-\/Ern\\u00e4hrungsumstellung-FAQ\"}]}]}<\/script>\n<!-- \/ Yoast SEO plugin. -->","yoast_head_json":{"title":"Di\u00e4t-\/Ern\u00e4hrungsumstellung-FAQ - Daily Protein","description":"Dieser Ratgeber soll dir helfen, einen leichten Einstieg in deine Di\u00e4t bzw. Ern\u00e4hrungsumstellung zu finden.","robots":{"index":"index","follow":"follow","max-snippet":"max-snippet:-1","max-image-preview":"max-image-preview:large","max-video-preview":"max-video-preview:-1"},"canonical":"https:\/\/daily-protein.de\/index.php\/diaet-faq\/","og_locale":"de_DE","og_type":"article","og_title":"Di\u00e4t-\/Ern\u00e4hrungsumstellung-FAQ - Daily Protein","og_description":"Dieser Ratgeber soll dir helfen, einen leichten Einstieg in deine Di\u00e4t bzw. Ern\u00e4hrungsumstellung zu finden.","og_url":"https:\/\/daily-protein.de\/index.php\/diaet-faq\/","og_site_name":"Daily Protein","article_publisher":"https:\/\/www.facebook.com\/dailyprotein","article_modified_time":"2017-02-27T22:25:54+00:00","og_image":[{"width":2137,"height":1200,"url":"https:\/\/daily-protein.de\/wp-content\/uploads\/2015\/12\/ern\u00e4hrungsumstellung.jpg","path":"\/www\/htdocs\/w01394ba\/daily-protein.de\/wp-content\/uploads\/2015\/12\/ern\u00e4hrungsumstellung.jpg","size":"full","id":1109,"alt":"","pixels":2564400,"type":"image\/jpeg"}],"twitter_card":"summary","twitter_misc":{"Gesch\u00e4tzte Lesezeit":"7\u00a0Minuten"},"schema":{"@context":"https:\/\/schema.org","@graph":[{"@type":"WebSite","@id":"https:\/\/daily-protein.de\/#website","url":"https:\/\/daily-protein.de\/","name":"Daily Protein","description":"Supplements im Test","potentialAction":[{"@type":"SearchAction","target":{"@type":"EntryPoint","urlTemplate":"https:\/\/daily-protein.de\/?s={search_term_string}"},"query-input":"required name=search_term_string"}],"inLanguage":"de"},{"@type":"ImageObject","@id":"https:\/\/daily-protein.de\/index.php\/diaet-faq\/#primaryimage","inLanguage":"de","url":"https:\/\/daily-protein.de\/wp-content\/uploads\/2015\/12\/ern\u00e4hrungsumstellung.jpg","contentUrl":"https:\/\/daily-protein.de\/wp-content\/uploads\/2015\/12\/ern\u00e4hrungsumstellung.jpg","width":2137,"height":1200},{"@type":"WebPage","@id":"https:\/\/daily-protein.de\/index.php\/diaet-faq\/#webpage","url":"https:\/\/daily-protein.de\/index.php\/diaet-faq\/","name":"Di\u00e4t-\/Ern\u00e4hrungsumstellung-FAQ - Daily Protein","isPartOf":{"@id":"https:\/\/daily-protein.de\/#website"},"primaryImageOfPage":{"@id":"https:\/\/daily-protein.de\/index.php\/diaet-faq\/#primaryimage"},"datePublished":"2015-12-25T10:29:37+00:00","dateModified":"2017-02-27T22:25:54+00:00","description":"Dieser Ratgeber soll dir helfen, einen leichten Einstieg in deine Di\u00e4t bzw. Ern\u00e4hrungsumstellung zu finden.","breadcrumb":{"@id":"https:\/\/daily-protein.de\/index.php\/diaet-faq\/#breadcrumb"},"inLanguage":"de","potentialAction":[{"@type":"ReadAction","target":["https:\/\/daily-protein.de\/index.php\/diaet-faq\/"]}]},{"@type":"BreadcrumbList","@id":"https:\/\/daily-protein.de\/index.php\/diaet-faq\/#breadcrumb","itemListElement":[{"@type":"ListItem","position":1,"name":"Home","item":"https:\/\/daily-protein.de\/"},{"@type":"ListItem","position":2,"name":"Di\u00e4t-\/Ern\u00e4hrungsumstellung-FAQ"}]}]}},"_links":{"self":[{"href":"https:\/\/daily-protein.de\/index.php\/wp-json\/wp\/v2\/pages\/1067"}],"collection":[{"href":"https:\/\/daily-protein.de\/index.php\/wp-json\/wp\/v2\/pages"}],"about":[{"href":"https:\/\/daily-protein.de\/index.php\/wp-json\/wp\/v2\/types\/page"}],"author":[{"embeddable":true,"href":"https:\/\/daily-protein.de\/index.php\/wp-json\/wp\/v2\/users\/1"}],"replies":[{"embeddable":true,"href":"https:\/\/daily-protein.de\/index.php\/wp-json\/wp\/v2\/comments?post=1067"}],"version-history":[{"count":36,"href":"https:\/\/daily-protein.de\/index.php\/wp-json\/wp\/v2\/pages\/1067\/revisions"}],"predecessor-version":[{"id":1709,"href":"https:\/\/daily-protein.de\/index.php\/wp-json\/wp\/v2\/pages\/1067\/revisions\/1709"}],"wp:featuredmedia":[{"embeddable":true,"href":"https:\/\/daily-protein.de\/index.php\/wp-json\/wp\/v2\/media\/1109"}],"wp:attachment":[{"href":"https:\/\/daily-protein.de\/index.php\/wp-json\/wp\/v2\/media?parent=1067"}],"curies":[{"name":"wp","href":"https:\/\/api.w.org\/{rel}","templated":true}]}}