{"id":1562,"date":"2016-07-26T12:05:17","date_gmt":"2016-07-26T10:05:17","guid":{"rendered":"http:\/\/daily-protein.de\/?page_id=1562"},"modified":"2017-02-27T23:25:54","modified_gmt":"2017-02-27T22:25:54","slug":"protein-spezialprodukte","status":"publish","type":"page","link":"https:\/\/daily-protein.de\/index.php\/testberichte\/protein-spezialprodukte\/","title":{"rendered":"Protein Spezialprodukte"},"content":{"rendered":"<div  class=\"fusion-fullwidth fullwidth-box hundred-percent-fullwidth\"  style='background-color: rgba(255,255,255,0);background-position: center center;background-repeat: no-repeat;padding-top:0px;padding-right:0px;padding-bottom:0px;padding-left:0px;'><div class=\"fusion-builder-row fusion-row \"><div  class=\"fusion-layout-column fusion_builder_column fusion_builder_column_3_4  fusion-three-fourth fusion-column-first 3_4\"  style='margin-top:0px;margin-bottom:20px;width:74%; margin-right: 4%;'>\n\t\t\t<div class=\"fusion-column-wrapper\" style=\"background-position:left top;background-repeat:no-repeat;-webkit-background-size:cover;-moz-background-size:cover;-o-background-size:cover;background-size:cover;\"  data-bg-url=\"\">\n\t\t\t\t<div class=\"fusion-title title fusion-sep-none fusion-title-size-one\" style=\"margin-top:0px;margin-bottom:31px;\"><h1 class=\"title-heading-left\">Protein-Spezialprodukte im Test<\/h1><\/div><p>Neben den Klassikern wie Eiwei\u00dfpulver und Eiwei\u00dfriegeln gibt es st\u00e4ndig neue und ausgefallene &#8222;Protein-Spezialprodukte&#8220;.<\/p>\n<p>So bringen verschiedene Hersteller z.B. Protein-Chips oder andere Knabberprodukte, Protein-Eis oder auch eiwei\u00dfreiche Brotaufstriche auf den Markt.<\/p>\n<p>&nbsp;<\/p>\n<div class=\"fusion-clearfix\"><\/div>\n\n\t\t\t<\/div>\n\t\t<\/div><div  class=\"fusion-layout-column fusion_builder_column fusion_builder_column_1_4  fusion-one-fourth fusion-column-last 1_4\"  style='margin-top:0px;margin-bottom:20px;width:22%'>\n\t\t\t<div class=\"fusion-column-wrapper\" style=\"background-position:left top;background-repeat:no-repeat;-webkit-background-size:cover;-moz-background-size:cover;-o-background-size:cover;background-size:cover;\"  data-bg-url=\"\">\n\t\t\t\t<SCRIPT charset=\"utf-8\" type=\"text\/javascript\" src=\"http:\/\/ws-eu.amazon-adsystem.com\/widgets\/q?rt=tf_mfw&ServiceVersion=20070822&MarketPlace=DE&ID=V20070822%2FDE%2Fdailprot-21%2F8001%2F29e5996b-7910-41ad-9105-ba428c288edc\"> <\/SCRIPT> <NOSCRIPT><A rel=\"nofollow\" HREF=\"http:\/\/ws-eu.amazon-adsystem.com\/widgets\/q?rt=tf_mfw&ServiceVersion=20070822&MarketPlace=DE&ID=V20070822%2FDE%2Fdailprot-21%2F8001%2F29e5996b-7910-41ad-9105-ba428c288edc&Operation=NoScript\">Amazon.de Widgets<\/A><\/NOSCRIPT><div class=\"fusion-clearfix\"><\/div>\n\n\t\t\t<\/div>\n\t\t<\/div><div  class=\"fusion-layout-column fusion_builder_column fusion_builder_column_3_4  fusion-three-fourth fusion-column-first 3_4\"  style='margin-top:0px;margin-bottom:20px;width:74%; margin-right: 4%;'>\n\t\t\t<div class=\"fusion-column-wrapper\" style=\"background-position:left top;background-repeat:no-repeat;-webkit-background-size:cover;-moz-background-size:cover;-o-background-size:cover;background-size:cover;\"  data-bg-url=\"\">\n\t\t\t\t<div class=\"fusion-sep-clear\"><\/div><div class=\"fusion-separator fusion-full-width-sep sep-none\" style=\"margin-left: auto;margin-right: auto;margin-top:;\"><\/div><div class=\"fusion-title title fusion-sep-none fusion-title-size-one\" style=\"margin-top:0px;margin-bottom:31px;\"><h1 class=\"title-heading-left\">Testberichte<\/h1><\/div><div class=\"fusion-blog-shortcode fusion-blog-shortcode-1 fusion-blog-archive fusion-blog-layout-grid-wrapper fusion-blog-infinite\"><style type=\"text\/css\">.fusion-blog-shortcode-1 .fusion-blog-layout-grid .fusion-post-grid{padding:20px;}.fusion-blog-shortcode-1 .fusion-posts-container{margin-left: -20px !important; margin-right:-20px !important;}<\/style><div class=\"fusion-posts-container fusion-posts-container-infinite fusion-posts-container-load-more fusion-blog-layout-grid fusion-blog-layout-grid-3 isotope\" data-pages=\"1\" data-grid-col-space=\"40\" style=\"margin: -20px -20px 0;height:500px;\"><article id=\"post-2196\" class=\"fusion-post-grid post-2196 post type-post status-publish format-standard has-post-thumbnail hentry category-got7 category-hersteller category-spezialprodukte tag-got7 tag-protein-chips tag-test\">\n<div class=\"fusion-post-wrapper\">\n\n\n\t<div class=\"fusion-flexslider flexslider fusion-flexslider-loading fusion-post-slideshow\">\n\t\t<ul class=\"slides\">\n\t\t\t\n\t\t\t\t\t\t\t\t\t\t\t\t\t\t\t\t\t\t<li>\n<div class=\"fusion-image-wrapper\" aria-haspopup=\"true\">\n\n\t\n\t\t<a href=\"https:\/\/daily-protein.de\/index.php\/got7-protein-chips\/\">\n\t\t\t\n\t\t\t\t\t<img width=\"800\" height=\"600\" src=\"https:\/\/daily-protein.de\/wp-content\/uploads\/2017\/04\/Got7-Protein-Chips-400x300.png\" class=\"attachment-full size-full wp-post-image\" alt=\"GOT7 Protein Chips\" loading=\"lazy\" srcset=\"https:\/\/daily-protein.de\/wp-content\/uploads\/2017\/04\/Got7-Protein-Chips-200x150.png 200w, https:\/\/daily-protein.de\/wp-content\/uploads\/2017\/04\/Got7-Protein-Chips-400x300.png 400w, https:\/\/daily-protein.de\/wp-content\/uploads\/2017\/04\/Got7-Protein-Chips-600x450.png 600w, https:\/\/daily-protein.de\/wp-content\/uploads\/2017\/04\/Got7-Protein-Chips.png 800w\" sizes=\"(min-width: 784px) 340px, (min-width: 712px) 510px, (min-width: 640px) 712px, 100vw\" \/>\n\t\n\n\t\t<\/a>\n\n\t\n<\/div>\n<\/li>\n\t\t\t\n\t\t\t\t\t\t\t\t\t\t\t\t\t\t\t\t\t\t\t\t\t\t\t\t\t\t\t\t\t\t\t\t\t\t\t\t\t\t\t\t\t\t\t\t\t\t\t\t\t\t\t\t\t\t\t\t\t\t\t\t\t\t\t\t\t\t\t\t\t\t\t<\/ul>\n\t<\/div>\n<div class=\"fusion-post-content-wrapper\"><div class=\"fusion-post-content post-content\"><h2 class=\"blog-shortcode-post-title\"><a href=\"https:\/\/daily-protein.de\/index.php\/got7-protein-chips\/\">GOT7 Protein Chips<\/a><\/h2><p class=\"fusion-single-line-meta\"><span>April 30th, 2017<\/span><span class=\"fusion-inline-sep\">|<\/span><\/p><div class=\"fusion-content-sep\"><\/div><div class=\"fusion-post-content-container\"><p> Im Test: GOT7 Protein Chips  Die GOT7 Protein Chips sind ein mit Sojaprotein angereicherter Knabber-Snack. Die Protein Chips sind als 23g oder 50g<\/p><\/div><\/div><div class=\"fusion-meta-info\"><div class=\"fusion-alignleft\"><a class=\"fusion-read-more\" href=\"https:\/\/daily-protein.de\/index.php\/got7-protein-chips\/\">Read More<\/a><\/div><\/div><\/div><div class=\"fusion-clearfix\"><\/div><\/div>\n<\/article>\n<article id=\"post-1553\" class=\"fusion-post-grid post-1553 post type-post status-publish format-standard has-post-thumbnail hentry category-got7 category-hersteller category-spezialprodukte tag-got7 tag-protein tag-protein-spread tag-test\">\n<div class=\"fusion-post-wrapper\">\n\n\n\t<div class=\"fusion-flexslider flexslider fusion-flexslider-loading fusion-post-slideshow\">\n\t\t<ul class=\"slides\">\n\t\t\t\n\t\t\t\t\t\t\t\t\t\t\t\t\t\t\t\t\t\t<li>\n<div class=\"fusion-image-wrapper\" aria-haspopup=\"true\">\n\n\t\n\t\t<a href=\"https:\/\/daily-protein.de\/index.php\/got7-protein-spread\/\">\n\t\t\t\n\t\t\t\t\t<img width=\"800\" height=\"601\" src=\"https:\/\/daily-protein.de\/wp-content\/uploads\/2016\/07\/Got7-Protein-Spread.png\" class=\"attachment-full size-full wp-post-image\" alt=\"\" loading=\"lazy\" \/>\n\t\n\n\t\t<\/a>\n\n\t\n<\/div>\n<\/li>\n\t\t\t\n\t\t\t\t\t\t\t\t\t\t\t\t\t\t\t\t\t\t\t\t\t\t\t\t\t\t\t\t\t\t\t\t\t\t\t\t\t\t\t\t\t\t\t\t\t\t\t\t\t\t\t\t\t\t\t\t\t\t\t\t\t\t\t\t\t\t\t\t\t\t\t<\/ul>\n\t<\/div>\n<div class=\"fusion-post-content-wrapper\"><div class=\"fusion-post-content post-content\"><h2 class=\"blog-shortcode-post-title\"><a href=\"https:\/\/daily-protein.de\/index.php\/got7-protein-spread\/\">GOT7 Protein Spread<\/a><\/h2><p class=\"fusion-single-line-meta\"><span>Juli 26th, 2016<\/span><span class=\"fusion-inline-sep\">|<\/span><\/p><div class=\"fusion-content-sep\"><\/div><div class=\"fusion-post-content-container\"><p>Bei dem GOT7 Protein Spread handelt es sich um einen Schokobrotaufstrich in einem 250g Glas, der mit Whey Protein angereichert wurde. Au\u00dferdem wurde im Vergleich<\/p><\/div><\/div><div class=\"fusion-meta-info\"><div class=\"fusion-alignleft\"><a class=\"fusion-read-more\" href=\"https:\/\/daily-protein.de\/index.php\/got7-protein-spread\/\">Read More<\/a><\/div><\/div><\/div><div class=\"fusion-clearfix\"><\/div><\/div>\n<\/article>\n<div class=\"fusion-clearfix\"><\/div><\/div>\n\t\t<div class=\"fusion-load-more-button fusion-blog-button fusion-clearfix\">Load More Posts<\/div><\/div><div class=\"fusion-clearfix\"><\/div>\n\n\t\t\t<\/div>\n\t\t<\/div><\/div><\/div>\n","protected":false},"excerpt":{"rendered":"","protected":false},"author":1,"featured_media":0,"parent":230,"menu_order":0,"comment_status":"closed","ping_status":"closed","template":"","meta":[],"wppr_data":{"cwp_meta_box_check":"No"},"yoast_head":"<!-- This site is optimized with the Yoast SEO plugin v17.0 - https:\/\/yoast.com\/wordpress\/plugins\/seo\/ -->\n<title>Protein Spezialprodukte im Test | Daily Protein<\/title>\n<meta name=\"description\" content=\"Protein Spezialprodukte verschiedener Marken im Test. Auf Daily Protein findest du regelm\u00e4\u00dfig neue Testberichte im Bereich der Protein Supplements.\" \/>\n<meta name=\"robots\" content=\"index, follow, max-snippet:-1, max-image-preview:large, max-video-preview:-1\" \/>\n<link rel=\"canonical\" href=\"https:\/\/daily-protein.de\/index.php\/testberichte\/protein-spezialprodukte\/\" \/>\n<meta property=\"og:locale\" content=\"de_DE\" \/>\n<meta property=\"og:type\" content=\"article\" \/>\n<meta property=\"og:title\" content=\"Protein Spezialprodukte im Test | Daily Protein\" \/>\n<meta property=\"og:description\" content=\"Protein Spezialprodukte verschiedener Marken im Test. Auf Daily Protein findest du regelm\u00e4\u00dfig neue Testberichte im Bereich der Protein Supplements.\" \/>\n<meta property=\"og:url\" content=\"https:\/\/daily-protein.de\/index.php\/testberichte\/protein-spezialprodukte\/\" \/>\n<meta property=\"og:site_name\" content=\"Daily Protein\" \/>\n<meta property=\"article:publisher\" content=\"https:\/\/www.facebook.com\/dailyprotein\" \/>\n<meta property=\"article:modified_time\" content=\"2017-02-27T22:25:54+00:00\" \/>\n<meta name=\"twitter:card\" content=\"summary\" \/>\n<meta name=\"twitter:label1\" content=\"Gesch\u00e4tzte Lesezeit\" \/>\n\t<meta name=\"twitter:data1\" content=\"2\u00a0Minuten\" \/>\n<script type=\"application\/ld+json\" class=\"yoast-schema-graph\">{\"@context\":\"https:\/\/schema.org\",\"@graph\":[{\"@type\":\"WebSite\",\"@id\":\"https:\/\/daily-protein.de\/#website\",\"url\":\"https:\/\/daily-protein.de\/\",\"name\":\"Daily Protein\",\"description\":\"Supplements im Test\",\"potentialAction\":[{\"@type\":\"SearchAction\",\"target\":{\"@type\":\"EntryPoint\",\"urlTemplate\":\"https:\/\/daily-protein.de\/?s={search_term_string}\"},\"query-input\":\"required name=search_term_string\"}],\"inLanguage\":\"de\"},{\"@type\":\"WebPage\",\"@id\":\"https:\/\/daily-protein.de\/index.php\/testberichte\/protein-spezialprodukte\/#webpage\",\"url\":\"https:\/\/daily-protein.de\/index.php\/testberichte\/protein-spezialprodukte\/\",\"name\":\"Protein Spezialprodukte im Test | Daily Protein\",\"isPartOf\":{\"@id\":\"https:\/\/daily-protein.de\/#website\"},\"datePublished\":\"2016-07-26T10:05:17+00:00\",\"dateModified\":\"2017-02-27T22:25:54+00:00\",\"description\":\"Protein Spezialprodukte verschiedener Marken im Test. Auf Daily Protein findest du regelm\\u00e4\\u00dfig neue Testberichte im Bereich der Protein Supplements.\",\"breadcrumb\":{\"@id\":\"https:\/\/daily-protein.de\/index.php\/testberichte\/protein-spezialprodukte\/#breadcrumb\"},\"inLanguage\":\"de\",\"potentialAction\":[{\"@type\":\"ReadAction\",\"target\":[\"https:\/\/daily-protein.de\/index.php\/testberichte\/protein-spezialprodukte\/\"]}]},{\"@type\":\"BreadcrumbList\",\"@id\":\"https:\/\/daily-protein.de\/index.php\/testberichte\/protein-spezialprodukte\/#breadcrumb\",\"itemListElement\":[{\"@type\":\"ListItem\",\"position\":1,\"name\":\"Home\",\"item\":\"https:\/\/daily-protein.de\/\"},{\"@type\":\"ListItem\",\"position\":2,\"name\":\"Testberichte\",\"item\":\"https:\/\/daily-protein.de\/index.php\/testberichte\/\"},{\"@type\":\"ListItem\",\"position\":3,\"name\":\"Protein Spezialprodukte\"}]}]}<\/script>\n<!-- \/ Yoast SEO plugin. -->","yoast_head_json":{"title":"Protein Spezialprodukte im Test | Daily Protein","description":"Protein Spezialprodukte verschiedener Marken im Test. Auf Daily Protein findest du regelm\u00e4\u00dfig neue Testberichte im Bereich der Protein Supplements.","robots":{"index":"index","follow":"follow","max-snippet":"max-snippet:-1","max-image-preview":"max-image-preview:large","max-video-preview":"max-video-preview:-1"},"canonical":"https:\/\/daily-protein.de\/index.php\/testberichte\/protein-spezialprodukte\/","og_locale":"de_DE","og_type":"article","og_title":"Protein Spezialprodukte im Test | Daily Protein","og_description":"Protein Spezialprodukte verschiedener Marken im Test. Auf Daily Protein findest du regelm\u00e4\u00dfig neue Testberichte im Bereich der Protein Supplements.","og_url":"https:\/\/daily-protein.de\/index.php\/testberichte\/protein-spezialprodukte\/","og_site_name":"Daily Protein","article_publisher":"https:\/\/www.facebook.com\/dailyprotein","article_modified_time":"2017-02-27T22:25:54+00:00","twitter_card":"summary","twitter_misc":{"Gesch\u00e4tzte Lesezeit":"2\u00a0Minuten"},"schema":{"@context":"https:\/\/schema.org","@graph":[{"@type":"WebSite","@id":"https:\/\/daily-protein.de\/#website","url":"https:\/\/daily-protein.de\/","name":"Daily Protein","description":"Supplements im Test","potentialAction":[{"@type":"SearchAction","target":{"@type":"EntryPoint","urlTemplate":"https:\/\/daily-protein.de\/?s={search_term_string}"},"query-input":"required name=search_term_string"}],"inLanguage":"de"},{"@type":"WebPage","@id":"https:\/\/daily-protein.de\/index.php\/testberichte\/protein-spezialprodukte\/#webpage","url":"https:\/\/daily-protein.de\/index.php\/testberichte\/protein-spezialprodukte\/","name":"Protein Spezialprodukte im Test | Daily Protein","isPartOf":{"@id":"https:\/\/daily-protein.de\/#website"},"datePublished":"2016-07-26T10:05:17+00:00","dateModified":"2017-02-27T22:25:54+00:00","description":"Protein Spezialprodukte verschiedener Marken im Test. Auf Daily Protein findest du regelm\u00e4\u00dfig neue Testberichte im Bereich der Protein Supplements.","breadcrumb":{"@id":"https:\/\/daily-protein.de\/index.php\/testberichte\/protein-spezialprodukte\/#breadcrumb"},"inLanguage":"de","potentialAction":[{"@type":"ReadAction","target":["https:\/\/daily-protein.de\/index.php\/testberichte\/protein-spezialprodukte\/"]}]},{"@type":"BreadcrumbList","@id":"https:\/\/daily-protein.de\/index.php\/testberichte\/protein-spezialprodukte\/#breadcrumb","itemListElement":[{"@type":"ListItem","position":1,"name":"Home","item":"https:\/\/daily-protein.de\/"},{"@type":"ListItem","position":2,"name":"Testberichte","item":"https:\/\/daily-protein.de\/index.php\/testberichte\/"},{"@type":"ListItem","position":3,"name":"Protein Spezialprodukte"}]}]}},"_links":{"self":[{"href":"https:\/\/daily-protein.de\/index.php\/wp-json\/wp\/v2\/pages\/1562"}],"collection":[{"href":"https:\/\/daily-protein.de\/index.php\/wp-json\/wp\/v2\/pages"}],"about":[{"href":"https:\/\/daily-protein.de\/index.php\/wp-json\/wp\/v2\/types\/page"}],"author":[{"embeddable":true,"href":"https:\/\/daily-protein.de\/index.php\/wp-json\/wp\/v2\/users\/1"}],"replies":[{"embeddable":true,"href":"https:\/\/daily-protein.de\/index.php\/wp-json\/wp\/v2\/comments?post=1562"}],"version-history":[{"count":2,"href":"https:\/\/daily-protein.de\/index.php\/wp-json\/wp\/v2\/pages\/1562\/revisions"}],"predecessor-version":[{"id":1707,"href":"https:\/\/daily-protein.de\/index.php\/wp-json\/wp\/v2\/pages\/1562\/revisions\/1707"}],"up":[{"embeddable":true,"href":"https:\/\/daily-protein.de\/index.php\/wp-json\/wp\/v2\/pages\/230"}],"wp:attachment":[{"href":"https:\/\/daily-protein.de\/index.php\/wp-json\/wp\/v2\/media?parent=1562"}],"curies":[{"name":"wp","href":"https:\/\/api.w.org\/{rel}","templated":true}]}}